{"id":1805,"date":"2022-02-21T15:02:19","date_gmt":"2022-02-21T18:02:19","guid":{"rendered":"https:\/\/biotictuning.com\/?page_id=1805"},"modified":"2022-02-22T20:25:19","modified_gmt":"2022-02-22T23:25:19","slug":"fundacion-legado-primario","status":"publish","type":"page","link":"https:\/\/biotictuning.com\/es\/fundacion-legado-primario\/","title":{"rendered":"Fundaci\u00f3n Legado Primario"},"content":{"rendered":"<p class=\"has-text-align-center\"><strong>Protegemos los \u00e1rboles milenarios <\/strong><\/p><p class=\"has-text-align-center\"><strong>Cuidamos la biodiversidad<\/strong><\/p><p class=\"has-text-align-center\"><strong>Cultivamos el conocimiento antiguo<\/strong><\/p><figure class=\"wp-block-embed is-type-video is-provider-youtube wp-block-embed-youtube wp-embed-aspect-16-9 wp-has-aspect-ratio\"><div class=\"wp-block-embed__wrapper\">\nhttps:\/\/youtu.be\/S7X9rqlPdZY\n<\/div><figcaption>Presentaci\u00f3n <em>Fundaci\u00f3n Legado Primario<\/em><\/figcaption><\/figure><p>Los <a href=\"https:\/\/biotictuning.com\/es\/los-bosques-primarios-son-insustituibles-irreemplazables-y-los-mas-valiosos-para-el-ser-humano\/\" data-type=\"post\" data-id=\"1313\">bosques primarios<\/a> son <strong>un legado de un valor incalculable<\/strong> para para ti, para la biodiversidad y para nuestro futuro conjunto.&nbsp;<\/p><p>Las nuevas generaciones deben poder <strong>confiar en el futuro<\/strong>. Nosotros debemos poder seguir fascin\u00e1ndonos con la naturaleza en estado puro y <strong>mejorar nuestras expectativas de calidad de vida<\/strong>.&nbsp;<\/p><p>Debemos ser capaces de<strong> conservar nuestras medicinas <\/strong>del ma\u00f1ana, <strong>predecir las consecuencias del cambio clim\u00e1tico<\/strong>, seguir inspir\u00e1ndonos en la naturaleza para <strong>desarrollar tecnolog\u00edas<\/strong>, <strong>estructuras y materiales de menor impacto<\/strong> y mayor eficiencia energ\u00e9tica, recuperar y <strong>practicar el conocimiento ancestral<\/strong> de los pueblos originarios &#8230;&nbsp;<\/p><p>Para ello, necesitamos desvelar y <strong>comprender los secretos que atesoran nuestros \u00faltimos bosques primarios<\/strong>, ecosistemas no perturbados por el hombre que han alcanzado la categor\u00eda de <strong><a href=\"https:\/\/biotictuning.com\/es\/la-comunidad-climax\/\" data-type=\"post\" data-id=\"1791\">comunidades cl\u00edmax<\/a><\/strong>. Asociaciones de organismos muy especializados, bien adaptados y eficazmente organizados que hacen un uso \u00f3ptimo del espacio y la energ\u00eda para crear un equilibrio din\u00e1mico entre su comunidad y el medio en el que habitan.&nbsp;<\/p><p>Contamos con tecnolog\u00edas asombrosas, tenemos a nuestra disposici\u00f3n <strong>expertos del mundo cient\u00edfico y acad\u00e9mico<\/strong> e <strong>investigaciones de vanguardia<\/strong> que dan cuenta de lo crucial que es que preservemos estos<strong> espacios v\u00edrgenes<\/strong>.&nbsp;<\/p><p>Y, lo m\u00e1s importante, contamos con la <strong>confianza de las personas locales<\/strong>, dispuestas a cambiar su forma de vida para conservar, proteger y volver a convivir arm\u00f3nicamente con sus antiguos bosques, unos bosques que son <strong>patrimonio biol\u00f3gico de la humanidad<\/strong>, patrimonio de la biodiversidad y patrimonio tuyo.&nbsp;<\/p><p>Todos podemos contribuir con nuestro peque\u00f1o granito de arena y evitar que los bosques primarios desaparezcan. Somos muchos seres humanos. Quedan muy pocos bosques primarios &#8230; <strong>Tu m\u00e1s m\u00ednimo aporte<\/strong>, por peque\u00f1o que sea, <strong>es muy importante y vital para su conservaci\u00f3n<\/strong>.&nbsp;<\/p><p>Estamos convencidos de que juntos podemos conservar \u00e9ste valioso legado,&nbsp;<\/p><p><strong>La Fundaci\u00f3n Legado Primario<\/strong><\/p><p><strong>Inf\u00f3rmate<\/strong> <\/p><ul class=\"wp-block-list\"><li><a href=\"https:\/\/biotictuning.com\/es\/los-bosques-primarios-son-insustituibles-irreemplazables-y-los-mas-valiosos-para-el-ser-humano\/\" data-type=\"post\" data-id=\"1313\">Los bosques primarios son insustituible, irremplazables y los m\u00e1s valiosos para el ser humano<\/a><\/li><li><a href=\"https:\/\/biotictuning.com\/es\/la-selva-valdiviana-el-bosque-lluvioso-del-fin-del-mundo\/\" data-type=\"post\" data-id=\"368\">El bosque Valdiviano, c\u00e1psula del tiempo<\/a><\/li><li><a href=\"https:\/\/biotictuning.com\/es\/plantas-arboles-y-el-futuro-de-la-humanidad\/\" data-type=\"post\" data-id=\"488\">La saludable conexi\u00f3n con el Reino Vegetal<\/a><\/li><\/ul><p>Protege. <a href=\"https:\/\/biotictuning.com\/es\/proyecto-legado-primario\/\" data-type=\"post\" data-id=\"1819\">Proyecto Legado Primario<\/a><\/p><p><strong><a href=\"https:\/\/biotictuning.com\/es\/contact-us\/\">\u00danete<\/a><\/strong><\/p><p>Post recientes:<\/p><section class=\"ab-block-post-grid featuredpost alignwide\"><div class=\"ab-post-grid-items is-grid columns-3\"><article id=\"post-1313\" class=\"ab-post-grid-item post-1313 post type-post status-publish format-standard has-post-thumbnail category-bosques-antiguos-nativos-de-chile category-legadoprimario category-selva-valdiviana-bosque-lluvioso-del-fin-del-mundo category-sintonia-biotica entry\"><div class=\"ab-block-post-grid-image\"><a href=\"https:\/\/biotictuning.com\/es\/los-bosques-primarios-son-insustituibles-irreemplazables-y-los-mas-valiosos-para-el-ser-humano\/\" rel=\"bookmark\" aria-hidden=\"true\" tabindex=\"-1\"><img decoding=\"async\" width=\"600\" height=\"600\" src=\"data:image\/gif;base64,R0lGODlhAQABAIAAAAAAAP\/\/\/yH5BAEAAAAALAAAAAABAAEAAAIBRAA7\" data-src=\"https:\/\/biotictuning.com\/wp-content\/uploads\/2021\/05\/Old-growth-forest-Reserva-Costera-Valdiviana-biotictuning-1-600x600.jpeg\" class=\"attachment-ab-block-post-grid-square size-ab-block-post-grid-square lazyload\" alt=\"Bosque primario de la Reserva Costera Valdiviana\" data-srcset=\"https:\/\/biotictuning.com\/wp-content\/uploads\/2021\/05\/Old-growth-forest-Reserva-Costera-Valdiviana-biotictuning-1-600x600.jpeg 600w, https:\/\/biotictuning.com\/wp-content\/uploads\/2021\/05\/Old-growth-forest-Reserva-Costera-Valdiviana-biotictuning-1-150x150.jpeg 150w, https:\/\/biotictuning.com\/wp-content\/uploads\/2021\/05\/Old-growth-forest-Reserva-Costera-Valdiviana-biotictuning-1-80x80.jpeg 80w, https:\/\/biotictuning.com\/wp-content\/uploads\/2021\/05\/Old-growth-forest-Reserva-Costera-Valdiviana-biotictuning-1-530x530.jpeg 530w, https:\/\/biotictuning.com\/wp-content\/uploads\/2021\/05\/Old-growth-forest-Reserva-Costera-Valdiviana-biotictuning-1-180x180.jpeg 180w\" sizes=\"(max-width: 600px) 100vw, 600px\" \/><noscript><img decoding=\"async\" width=\"600\" height=\"600\" src=\"https:\/\/biotictuning.com\/wp-content\/uploads\/2021\/05\/Old-growth-forest-Reserva-Costera-Valdiviana-biotictuning-1-600x600.jpeg\" class=\"attachment-ab-block-post-grid-square size-ab-block-post-grid-square lazyload\" alt=\"Bosque primario de la Reserva Costera Valdiviana\" srcset=\"https:\/\/biotictuning.com\/wp-content\/uploads\/2021\/05\/Old-growth-forest-Reserva-Costera-Valdiviana-biotictuning-1-600x600.jpeg 600w, https:\/\/biotictuning.com\/wp-content\/uploads\/2021\/05\/Old-growth-forest-Reserva-Costera-Valdiviana-biotictuning-1-150x150.jpeg 150w, https:\/\/biotictuning.com\/wp-content\/uploads\/2021\/05\/Old-growth-forest-Reserva-Costera-Valdiviana-biotictuning-1-80x80.jpeg 80w, https:\/\/biotictuning.com\/wp-content\/uploads\/2021\/05\/Old-growth-forest-Reserva-Costera-Valdiviana-biotictuning-1-530x530.jpeg 530w, https:\/\/biotictuning.com\/wp-content\/uploads\/2021\/05\/Old-growth-forest-Reserva-Costera-Valdiviana-biotictuning-1-180x180.jpeg 180w\" sizes=\"(max-width: 600px) 100vw, 600px\" \/><\/noscript><\/a><\/div><div class=\"ab-block-post-grid-text\"><header class=\"ab-block-post-grid-header\"><h3 class=\"ab-block-post-grid-title\"><a href=\"https:\/\/biotictuning.com\/es\/los-bosques-primarios-son-insustituibles-irreemplazables-y-los-mas-valiosos-para-el-ser-humano\/\" rel=\"bookmark\">Los bosques primarios son insustituibles, irremplazables y los m\u00e1s valiosos para el ser humano<\/a><\/h3><div class=\"ab-block-post-grid-byline\"><\/div><\/header><div class=\"ab-block-post-grid-excerpt\"><p>Si verdaderamente queremos hacer honor al nombre que nos hemos dado los sapiens sapiens, los sabios, sabios. Y acabar con problemas como la escasez de&hellip;<\/p>\n<p><a class=\"ab-block-post-grid-more-link ab-text-link\" href=\"https:\/\/biotictuning.com\/es\/los-bosques-primarios-son-insustituibles-irreemplazables-y-los-mas-valiosos-para-el-ser-humano\/\" rel=\"bookmark\">Contin\u00faa leyendo <span class=\"screen-reader-text\">Los bosques primarios son insustituibles, irremplazables y los m\u00e1s valiosos para el ser humano<\/span><\/a><\/p><\/div><\/div><\/article>\n<article id=\"post-45\" class=\"ab-post-grid-item post-45 post type-post status-publish format-standard has-post-thumbnail category-legadoprimario category-sintonia-biotica entry\"><div class=\"ab-block-post-grid-image\"><a href=\"https:\/\/biotictuning.com\/es\/la-filosofia-del-cambio\/\" rel=\"bookmark\" aria-hidden=\"true\" tabindex=\"-1\"><img decoding=\"async\" width=\"600\" height=\"600\" src=\"data:image\/gif;base64,R0lGODlhAQABAIAAAAAAAP\/\/\/yH5BAEAAAAALAAAAAABAAEAAAIBRAA7\" data-src=\"https:\/\/biotictuning.com\/wp-content\/uploads\/2020\/05\/Bosque-alerces-600x600.jpeg?v=1597566509\" class=\"attachment-ab-block-post-grid-square size-ab-block-post-grid-square lazyload\" alt=\"Alerces milenarios selva valdiviana\" data-srcset=\"https:\/\/biotictuning.com\/wp-content\/uploads\/2020\/05\/Bosque-alerces-600x600.jpeg?v=1597566509 600w, https:\/\/biotictuning.com\/wp-content\/uploads\/2020\/05\/Bosque-alerces-530x530.jpeg?v=1597566509 530w, https:\/\/biotictuning.com\/wp-content\/uploads\/2020\/05\/Bosque-alerces-180x180.jpeg?v=1597566509 180w, https:\/\/biotictuning.com\/wp-content\/uploads\/2020\/05\/Bosque-alerces-150x150.jpeg?v=1597566509 150w, https:\/\/biotictuning.com\/wp-content\/uploads\/2020\/05\/Bosque-alerces-80x80.jpeg?v=1597566509 80w\" sizes=\"(max-width: 600px) 100vw, 600px\" \/><noscript><img decoding=\"async\" width=\"600\" height=\"600\" src=\"https:\/\/biotictuning.com\/wp-content\/uploads\/2020\/05\/Bosque-alerces-600x600.jpeg?v=1597566509\" class=\"attachment-ab-block-post-grid-square size-ab-block-post-grid-square lazyload\" alt=\"Alerces milenarios selva valdiviana\" srcset=\"https:\/\/biotictuning.com\/wp-content\/uploads\/2020\/05\/Bosque-alerces-600x600.jpeg?v=1597566509 600w, https:\/\/biotictuning.com\/wp-content\/uploads\/2020\/05\/Bosque-alerces-530x530.jpeg?v=1597566509 530w, https:\/\/biotictuning.com\/wp-content\/uploads\/2020\/05\/Bosque-alerces-180x180.jpeg?v=1597566509 180w, https:\/\/biotictuning.com\/wp-content\/uploads\/2020\/05\/Bosque-alerces-150x150.jpeg?v=1597566509 150w, https:\/\/biotictuning.com\/wp-content\/uploads\/2020\/05\/Bosque-alerces-80x80.jpeg?v=1597566509 80w\" sizes=\"(max-width: 600px) 100vw, 600px\" \/><\/noscript><\/a><\/div><div class=\"ab-block-post-grid-text\"><header class=\"ab-block-post-grid-header\"><h3 class=\"ab-block-post-grid-title\"><a href=\"https:\/\/biotictuning.com\/es\/la-filosofia-del-cambio\/\" rel=\"bookmark\">Entra en sinton\u00eda bi\u00f3tica<\/a><\/h3><div class=\"ab-block-post-grid-byline\"><\/div><\/header><div class=\"ab-block-post-grid-excerpt\"><p>Sinton\u00eda bi\u00f3tica: una meditaci\u00f3n en la que uno logra&nbsp;sintonizar con la frecuencia en la que vibra el reino vegetal&nbsp;y entrar en&nbsp;un estado de armon\u00eda total.&hellip;<\/p>\n<p><a class=\"ab-block-post-grid-more-link ab-text-link\" href=\"https:\/\/biotictuning.com\/es\/la-filosofia-del-cambio\/\" rel=\"bookmark\">Contin\u00faa leyendo <span class=\"screen-reader-text\">Entra en sinton\u00eda bi\u00f3tica<\/span><\/a><\/p><\/div><\/div><\/article>\n<article id=\"post-488\" class=\"ab-post-grid-item post-488 post type-post status-publish format-standard has-post-thumbnail category-legadoprimario category-sintonia-biotica entry\"><div class=\"ab-block-post-grid-image\"><a href=\"https:\/\/biotictuning.com\/es\/plantas-arboles-y-el-futuro-de-la-humanidad\/\" rel=\"bookmark\" aria-hidden=\"true\" tabindex=\"-1\"><img decoding=\"async\" width=\"600\" height=\"600\" src=\"data:image\/gif;base64,R0lGODlhAQABAIAAAAAAAP\/\/\/yH5BAEAAAAALAAAAAABAAEAAAIBRAA7\" data-src=\"https:\/\/biotictuning.com\/wp-content\/uploads\/2020\/06\/Giant-millennial-larch-at-the-Valdivian-Coastal-Reserve-600x600.jpg?v=1597566499\" class=\"attachment-ab-block-post-grid-square size-ab-block-post-grid-square lazyload\" alt=\"\" data-srcset=\"https:\/\/biotictuning.com\/wp-content\/uploads\/2020\/06\/Giant-millennial-larch-at-the-Valdivian-Coastal-Reserve-600x600.jpg?v=1597566499 600w, https:\/\/biotictuning.com\/wp-content\/uploads\/2020\/06\/Giant-millennial-larch-at-the-Valdivian-Coastal-Reserve-530x530.jpg?v=1597566499 530w, https:\/\/biotictuning.com\/wp-content\/uploads\/2020\/06\/Giant-millennial-larch-at-the-Valdivian-Coastal-Reserve-180x180.jpg?v=1597566499 180w, https:\/\/biotictuning.com\/wp-content\/uploads\/2020\/06\/Giant-millennial-larch-at-the-Valdivian-Coastal-Reserve-150x150.jpg?v=1597566499 150w, https:\/\/biotictuning.com\/wp-content\/uploads\/2020\/06\/Giant-millennial-larch-at-the-Valdivian-Coastal-Reserve-80x80.jpg?v=1597566499 80w\" sizes=\"(max-width: 600px) 100vw, 600px\" \/><noscript><img decoding=\"async\" width=\"600\" height=\"600\" src=\"https:\/\/biotictuning.com\/wp-content\/uploads\/2020\/06\/Giant-millennial-larch-at-the-Valdivian-Coastal-Reserve-600x600.jpg?v=1597566499\" class=\"attachment-ab-block-post-grid-square size-ab-block-post-grid-square lazyload\" alt=\"\" srcset=\"https:\/\/biotictuning.com\/wp-content\/uploads\/2020\/06\/Giant-millennial-larch-at-the-Valdivian-Coastal-Reserve-600x600.jpg?v=1597566499 600w, https:\/\/biotictuning.com\/wp-content\/uploads\/2020\/06\/Giant-millennial-larch-at-the-Valdivian-Coastal-Reserve-530x530.jpg?v=1597566499 530w, https:\/\/biotictuning.com\/wp-content\/uploads\/2020\/06\/Giant-millennial-larch-at-the-Valdivian-Coastal-Reserve-180x180.jpg?v=1597566499 180w, https:\/\/biotictuning.com\/wp-content\/uploads\/2020\/06\/Giant-millennial-larch-at-the-Valdivian-Coastal-Reserve-150x150.jpg?v=1597566499 150w, https:\/\/biotictuning.com\/wp-content\/uploads\/2020\/06\/Giant-millennial-larch-at-the-Valdivian-Coastal-Reserve-80x80.jpg?v=1597566499 80w\" sizes=\"(max-width: 600px) 100vw, 600px\" \/><\/noscript><\/a><\/div><div class=\"ab-block-post-grid-text\"><header class=\"ab-block-post-grid-header\"><h3 class=\"ab-block-post-grid-title\"><a href=\"https:\/\/biotictuning.com\/es\/plantas-arboles-y-el-futuro-de-la-humanidad\/\" rel=\"bookmark\">La saludable conexi\u00f3n con el reino vegetal<\/a><\/h3><div class=\"ab-block-post-grid-byline\"><\/div><\/header><div class=\"ab-block-post-grid-excerpt\"><p>Y los sapiens por fin se tornaron simbiontes \u2026 Y as\u00ed la raza nueva de simbiontes repobl\u00f3 la tierra. Y el planeta todo se convirti\u00f3&hellip;<\/p>\n<p><a class=\"ab-block-post-grid-more-link ab-text-link\" href=\"https:\/\/biotictuning.com\/es\/plantas-arboles-y-el-futuro-de-la-humanidad\/\" rel=\"bookmark\">Contin\u00faa leyendo <span class=\"screen-reader-text\">La saludable conexi\u00f3n con el reino vegetal<\/span><\/a><\/p><\/div><\/div><\/article>\n<article id=\"post-1819\" class=\"ab-post-grid-item post-1819 post type-post status-publish format-standard post-password-required category-legadoprimario tag-bosque-primario tag-bosque-valdiviano entry has-post-thumbnail\"><div class=\"ab-block-post-grid-image\"><a href=\"https:\/\/biotictuning.com\/es\/proyecto-legado-primario\/\" rel=\"bookmark\" aria-hidden=\"true\" tabindex=\"-1\"><img decoding=\"async\" width=\"600\" height=\"600\" src=\"data:image\/gif;base64,R0lGODlhAQABAIAAAAAAAP\/\/\/yH5BAEAAAAALAAAAAABAAEAAAIBRAA7\" data-src=\"https:\/\/biotictuning.com\/wp-content\/uploads\/2021\/12\/Olivillo-costero-bosque-valdiviano-600x600.jpg\" class=\"attachment-ab-block-post-grid-square size-ab-block-post-grid-square lazyload\" alt=\"\" data-srcset=\"https:\/\/biotictuning.com\/wp-content\/uploads\/2021\/12\/Olivillo-costero-bosque-valdiviano-600x600.jpg 600w, https:\/\/biotictuning.com\/wp-content\/uploads\/2021\/12\/Olivillo-costero-bosque-valdiviano-300x300.jpg 300w, https:\/\/biotictuning.com\/wp-content\/uploads\/2021\/12\/Olivillo-costero-bosque-valdiviano-150x150.jpg 150w, https:\/\/biotictuning.com\/wp-content\/uploads\/2021\/12\/Olivillo-costero-bosque-valdiviano-80x80.jpg 80w, https:\/\/biotictuning.com\/wp-content\/uploads\/2021\/12\/Olivillo-costero-bosque-valdiviano-530x530.jpg 530w, https:\/\/biotictuning.com\/wp-content\/uploads\/2021\/12\/Olivillo-costero-bosque-valdiviano-180x180.jpg 180w, https:\/\/biotictuning.com\/wp-content\/uploads\/2021\/12\/Olivillo-costero-bosque-valdiviano-60x60.jpg 60w, https:\/\/biotictuning.com\/wp-content\/uploads\/2021\/12\/Olivillo-costero-bosque-valdiviano-90x90.jpg 90w\" sizes=\"(max-width: 600px) 100vw, 600px\" \/><noscript><img decoding=\"async\" width=\"600\" height=\"600\" src=\"https:\/\/biotictuning.com\/wp-content\/uploads\/2021\/12\/Olivillo-costero-bosque-valdiviano-600x600.jpg\" class=\"attachment-ab-block-post-grid-square size-ab-block-post-grid-square lazyload\" alt=\"\" srcset=\"https:\/\/biotictuning.com\/wp-content\/uploads\/2021\/12\/Olivillo-costero-bosque-valdiviano-600x600.jpg 600w, https:\/\/biotictuning.com\/wp-content\/uploads\/2021\/12\/Olivillo-costero-bosque-valdiviano-300x300.jpg 300w, https:\/\/biotictuning.com\/wp-content\/uploads\/2021\/12\/Olivillo-costero-bosque-valdiviano-150x150.jpg 150w, https:\/\/biotictuning.com\/wp-content\/uploads\/2021\/12\/Olivillo-costero-bosque-valdiviano-80x80.jpg 80w, https:\/\/biotictuning.com\/wp-content\/uploads\/2021\/12\/Olivillo-costero-bosque-valdiviano-530x530.jpg 530w, https:\/\/biotictuning.com\/wp-content\/uploads\/2021\/12\/Olivillo-costero-bosque-valdiviano-180x180.jpg 180w, https:\/\/biotictuning.com\/wp-content\/uploads\/2021\/12\/Olivillo-costero-bosque-valdiviano-60x60.jpg 60w, https:\/\/biotictuning.com\/wp-content\/uploads\/2021\/12\/Olivillo-costero-bosque-valdiviano-90x90.jpg 90w\" sizes=\"(max-width: 600px) 100vw, 600px\" \/><\/noscript><\/a><\/div><div class=\"ab-block-post-grid-text\"><header class=\"ab-block-post-grid-header\"><h3 class=\"ab-block-post-grid-title\"><a href=\"https:\/\/biotictuning.com\/es\/proyecto-legado-primario\/\" rel=\"bookmark\">Protected: Proyecto Legado Primario<\/a><\/h3><div class=\"ab-block-post-grid-byline\"><\/div><\/header><div class=\"ab-block-post-grid-excerpt\"><p>This content is password protected. To view it please enter your password below: Password:<\/p>\n<p><a class=\"ab-block-post-grid-more-link ab-text-link\" href=\"https:\/\/biotictuning.com\/es\/proyecto-legado-primario\/\" rel=\"bookmark\">Contin\u00faa leyendo <span class=\"screen-reader-text\">Protected: Proyecto Legado Primario<\/span><\/a><\/p><\/div><\/div><\/article>\n<article id=\"post-368\" class=\"ab-post-grid-item post-368 post type-post status-publish format-standard has-post-thumbnail category-bosques-antiguos-nativos-de-chile category-costa-valdiviana category-experiencias-y-programas-en-la-selva-valdiana category-fauna-nativa-de-la-selva-valdiviana category-legadoprimario category-plantas-nativas-de-la-selva-valdiviana category-selva-valdiviana-bosque-lluvioso-del-fin-del-mundo category-tours-parques-nacionales-y-reservas-naturales-selva-valdiviana entry\"><div class=\"ab-block-post-grid-image\"><a href=\"https:\/\/biotictuning.com\/es\/la-selva-valdiviana-el-bosque-lluvioso-del-fin-del-mundo\/\" rel=\"bookmark\" aria-hidden=\"true\" tabindex=\"-1\"><img decoding=\"async\" width=\"600\" height=\"600\" src=\"data:image\/gif;base64,R0lGODlhAQABAIAAAAAAAP\/\/\/yH5BAEAAAAALAAAAAABAAEAAAIBRAA7\" data-src=\"https:\/\/biotictuning.com\/wp-content\/uploads\/2020\/05\/Helechos-gigantes-600x600.jpeg?v=1597566504\" class=\"attachment-ab-block-post-grid-square size-ab-block-post-grid-square lazyload\" alt=\"\" data-srcset=\"https:\/\/biotictuning.com\/wp-content\/uploads\/2020\/05\/Helechos-gigantes-600x600.jpeg?v=1597566504 600w, https:\/\/biotictuning.com\/wp-content\/uploads\/2020\/05\/Helechos-gigantes-530x530.jpeg?v=1597566504 530w, https:\/\/biotictuning.com\/wp-content\/uploads\/2020\/05\/Helechos-gigantes-180x180.jpeg?v=1597566504 180w, https:\/\/biotictuning.com\/wp-content\/uploads\/2020\/05\/Helechos-gigantes-150x150.jpeg?v=1597566504 150w, https:\/\/biotictuning.com\/wp-content\/uploads\/2020\/05\/Helechos-gigantes-80x80.jpeg?v=1597566504 80w\" sizes=\"(max-width: 600px) 100vw, 600px\" \/><noscript><img decoding=\"async\" width=\"600\" height=\"600\" src=\"https:\/\/biotictuning.com\/wp-content\/uploads\/2020\/05\/Helechos-gigantes-600x600.jpeg?v=1597566504\" class=\"attachment-ab-block-post-grid-square size-ab-block-post-grid-square lazyload\" alt=\"\" srcset=\"https:\/\/biotictuning.com\/wp-content\/uploads\/2020\/05\/Helechos-gigantes-600x600.jpeg?v=1597566504 600w, https:\/\/biotictuning.com\/wp-content\/uploads\/2020\/05\/Helechos-gigantes-530x530.jpeg?v=1597566504 530w, https:\/\/biotictuning.com\/wp-content\/uploads\/2020\/05\/Helechos-gigantes-180x180.jpeg?v=1597566504 180w, https:\/\/biotictuning.com\/wp-content\/uploads\/2020\/05\/Helechos-gigantes-150x150.jpeg?v=1597566504 150w, https:\/\/biotictuning.com\/wp-content\/uploads\/2020\/05\/Helechos-gigantes-80x80.jpeg?v=1597566504 80w\" sizes=\"(max-width: 600px) 100vw, 600px\" \/><\/noscript><\/a><\/div><div class=\"ab-block-post-grid-text\"><header class=\"ab-block-post-grid-header\"><h3 class=\"ab-block-post-grid-title\"><a href=\"https:\/\/biotictuning.com\/es\/la-selva-valdiviana-el-bosque-lluvioso-del-fin-del-mundo\/\" rel=\"bookmark\">La Selva Valdiviana, el bosque lluvioso del fin del mundo<\/a><\/h3><div class=\"ab-block-post-grid-byline\"><\/div><\/header><div class=\"ab-block-post-grid-excerpt\"><p>Para los amantes de la naturaleza el bosque Valdiviano es lo m\u00e1s parecido al m\u00edtico jard\u00edn del Ed\u00e9n.&nbsp; El bosque Valdiviano, c\u00e1psula del tiempo. https:\/\/youtu.be\/gJ43agj-GrM&hellip;<\/p>\n<p><a class=\"ab-block-post-grid-more-link ab-text-link\" href=\"https:\/\/biotictuning.com\/es\/la-selva-valdiviana-el-bosque-lluvioso-del-fin-del-mundo\/\" rel=\"bookmark\">Contin\u00faa leyendo <span class=\"screen-reader-text\">La Selva Valdiviana, el bosque lluvioso del fin del mundo<\/span><\/a><\/p><\/div><\/div><\/article>\n<article id=\"post-1791\" class=\"ab-post-grid-item post-1791 post type-post status-publish format-standard has-post-thumbnail category-legadoprimario entry\"><div class=\"ab-block-post-grid-image\"><a href=\"https:\/\/biotictuning.com\/es\/la-comunidad-climax\/\" rel=\"bookmark\" aria-hidden=\"true\" tabindex=\"-1\"><img decoding=\"async\" width=\"600\" height=\"600\" src=\"data:image\/gif;base64,R0lGODlhAQABAIAAAAAAAP\/\/\/yH5BAEAAAAALAAAAAABAAEAAAIBRAA7\" data-src=\"https:\/\/biotictuning.com\/wp-content\/uploads\/2021\/05\/tienda-de-campana-copy-biotictuning-1-600x600.jpeg\" class=\"attachment-ab-block-post-grid-square size-ab-block-post-grid-square lazyload\" alt=\"\" data-srcset=\"https:\/\/biotictuning.com\/wp-content\/uploads\/2021\/05\/tienda-de-campana-copy-biotictuning-1-600x600.jpeg 600w, https:\/\/biotictuning.com\/wp-content\/uploads\/2021\/05\/tienda-de-campana-copy-biotictuning-1-150x150.jpeg 150w, https:\/\/biotictuning.com\/wp-content\/uploads\/2021\/05\/tienda-de-campana-copy-biotictuning-1-80x80.jpeg 80w, https:\/\/biotictuning.com\/wp-content\/uploads\/2021\/05\/tienda-de-campana-copy-biotictuning-1-530x530.jpeg 530w, https:\/\/biotictuning.com\/wp-content\/uploads\/2021\/05\/tienda-de-campana-copy-biotictuning-1-180x180.jpeg 180w\" sizes=\"(max-width: 600px) 100vw, 600px\" \/><noscript><img decoding=\"async\" width=\"600\" height=\"600\" src=\"https:\/\/biotictuning.com\/wp-content\/uploads\/2021\/05\/tienda-de-campana-copy-biotictuning-1-600x600.jpeg\" class=\"attachment-ab-block-post-grid-square size-ab-block-post-grid-square lazyload\" alt=\"\" srcset=\"https:\/\/biotictuning.com\/wp-content\/uploads\/2021\/05\/tienda-de-campana-copy-biotictuning-1-600x600.jpeg 600w, https:\/\/biotictuning.com\/wp-content\/uploads\/2021\/05\/tienda-de-campana-copy-biotictuning-1-150x150.jpeg 150w, https:\/\/biotictuning.com\/wp-content\/uploads\/2021\/05\/tienda-de-campana-copy-biotictuning-1-80x80.jpeg 80w, https:\/\/biotictuning.com\/wp-content\/uploads\/2021\/05\/tienda-de-campana-copy-biotictuning-1-530x530.jpeg 530w, https:\/\/biotictuning.com\/wp-content\/uploads\/2021\/05\/tienda-de-campana-copy-biotictuning-1-180x180.jpeg 180w\" sizes=\"(max-width: 600px) 100vw, 600px\" \/><\/noscript><\/a><\/div><div class=\"ab-block-post-grid-text\"><header class=\"ab-block-post-grid-header\"><h3 class=\"ab-block-post-grid-title\"><a href=\"https:\/\/biotictuning.com\/es\/la-comunidad-climax\/\" rel=\"bookmark\">Comunidad cl\u00edmax<\/a><\/h3><div class=\"ab-block-post-grid-byline\"><\/div><\/header><div class=\"ab-block-post-grid-excerpt\"><p>Son ecosistemas de bosque primario formados por asociaciones de organismos muy especializados, bien adaptados y eficazmente organizados. Hacen un uso \u00f3ptimo del espacio y la&hellip;<\/p>\n<p><a class=\"ab-block-post-grid-more-link ab-text-link\" href=\"https:\/\/biotictuning.com\/es\/la-comunidad-climax\/\" rel=\"bookmark\">Contin\u00faa leyendo <span class=\"screen-reader-text\">Comunidad cl\u00edmax<\/span><\/a><\/p><\/div><\/div><\/article>\n<\/div><\/section>","protected":false},"excerpt":{"rendered":"<p>Protegemos los \u00e1rboles milenarios Cuidamos la biodiversidad Cultivamos el conocimiento antiguo Los bosques primarios son un legado de un valor incalculable para para ti, para la biodiversidad y para nuestro futuro conjunto.&nbsp; Las nuevas generaciones deben poder confiar en el futuro. Nosotros debemos poder seguir fascin\u00e1ndonos con la naturaleza en estado puro y mejorar nuestras [&hellip;]<\/p>\n","protected":false},"author":2,"featured_media":0,"parent":0,"menu_order":13,"comment_status":"closed","ping_status":"closed","template":"","meta":{"_genesis_hide_title":false,"_genesis_hide_breadcrumbs":false,"_genesis_hide_singular_image":false,"_genesis_hide_footer_widgets":false,"_genesis_custom_body_class":"","_genesis_custom_post_class":"","_genesis_layout":"","footnotes":""},"class_list":{"0":"post-1805","1":"page","2":"type-page","3":"status-publish","5":"entry"},"featured_image_src":null,"featured_image_src_square":null,"_links":{"self":[{"href":"https:\/\/biotictuning.com\/es\/wp-json\/wp\/v2\/pages\/1805","targetHints":{"allow":["GET"]}}],"collection":[{"href":"https:\/\/biotictuning.com\/es\/wp-json\/wp\/v2\/pages"}],"about":[{"href":"https:\/\/biotictuning.com\/es\/wp-json\/wp\/v2\/types\/page"}],"author":[{"embeddable":true,"href":"https:\/\/biotictuning.com\/es\/wp-json\/wp\/v2\/users\/2"}],"replies":[{"embeddable":true,"href":"https:\/\/biotictuning.com\/es\/wp-json\/wp\/v2\/comments?post=1805"}],"version-history":[{"count":10,"href":"https:\/\/biotictuning.com\/es\/wp-json\/wp\/v2\/pages\/1805\/revisions"}],"predecessor-version":[{"id":1832,"href":"https:\/\/biotictuning.com\/es\/wp-json\/wp\/v2\/pages\/1805\/revisions\/1832"}],"wp:attachment":[{"href":"https:\/\/biotictuning.com\/es\/wp-json\/wp\/v2\/media?parent=1805"}],"curies":[{"name":"wp","href":"https:\/\/api.w.org\/{rel}","templated":true}]}}