{"id":887,"date":"2020-07-31T10:16:34","date_gmt":"2020-07-31T10:16:34","guid":{"rendered":"http:\/\/biotictuning.com\/?page_id=887"},"modified":"2021-06-28T03:08:35","modified_gmt":"2021-06-28T07:08:35","slug":"paquete-turistico-selva-valdiviana","status":"publish","type":"page","link":"https:\/\/biotictuning.com\/es\/paquete-turistico-selva-valdiviana\/","title":{"rendered":"Paquetes tur\u00edsticos Selva Valdiviana"},"content":{"rendered":"<p><strong>Paquetes tur\u00edsticos todo incluido<\/strong>: <strong>comidas<\/strong> y<strong> tours <\/strong>cada d\u00eda,<strong> <\/strong>m\u00e1s<strong> alojamiento<\/strong> y <strong>transporte<\/strong> para conocer  <strong>lo mejor de la Ecorregi\u00f3n Bosque Valdiviano<\/strong>, en el <strong>sur de Chile<\/strong>.<\/p><div data-block-name=\"woocommerce\/product-category\" data-categories=\"[59]\" data-columns=\"1\" class=\"wc-block-grid wp-block-product-category wc-block-product-category has-1-columns has-multiple-rows\"><ul class=\"wc-block-grid__products\"><li class=\"wc-block-grid__product\">\n\t\t\t\t<a href=\"https:\/\/biotictuning.com\/es\/producto\/selva-valdiviana-360o-inmersion-total-3-noches-4-dias\/\" class=\"wc-block-grid__product-link\">\n\t\t\t\t\t\n\t\t\t\t\t<div class=\"wc-block-grid__product-image\"><img decoding=\"async\" width=\"530\" height=\"530\" src=\"data:image\/gif;base64,R0lGODlhAQABAIAAAAAAAP\/\/\/yH5BAEAAAAALAAAAAABAAEAAAIBRAA7\" data-src=\"https:\/\/biotictuning.com\/wp-content\/uploads\/2020\/07\/Fishing-on-a-valdivian-rainforest-beach-530x530.jpeg?v=1597566481\" class=\"attachment-woocommerce_thumbnail size-woocommerce_thumbnail lazyload\" alt=\"Tour Selva Valdiviana 360\u00ba - Inmersi\u00f3n total - 3 noches \/ 4 d\u00edas\" data-srcset=\"https:\/\/biotictuning.com\/wp-content\/uploads\/2020\/07\/Fishing-on-a-valdivian-rainforest-beach-530x530.jpeg?v=1597566481 530w, https:\/\/biotictuning.com\/wp-content\/uploads\/2020\/07\/Fishing-on-a-valdivian-rainforest-beach-180x180.jpeg?v=1597566481 180w, https:\/\/biotictuning.com\/wp-content\/uploads\/2020\/07\/Fishing-on-a-valdivian-rainforest-beach-150x150.jpeg?v=1597566481 150w, https:\/\/biotictuning.com\/wp-content\/uploads\/2020\/07\/Fishing-on-a-valdivian-rainforest-beach-80x80.jpeg?v=1597566481 80w, https:\/\/biotictuning.com\/wp-content\/uploads\/2020\/07\/Fishing-on-a-valdivian-rainforest-beach-600x600.jpeg?v=1597566481 600w\" sizes=\"(max-width: 530px) 100vw, 530px\" \/><noscript><img decoding=\"async\" width=\"530\" height=\"530\" src=\"https:\/\/biotictuning.com\/wp-content\/uploads\/2020\/07\/Fishing-on-a-valdivian-rainforest-beach-530x530.jpeg?v=1597566481\" class=\"attachment-woocommerce_thumbnail size-woocommerce_thumbnail lazyload\" alt=\"Tour Selva Valdiviana 360\u00ba - Inmersi\u00f3n total - 3 noches \/ 4 d\u00edas\" srcset=\"https:\/\/biotictuning.com\/wp-content\/uploads\/2020\/07\/Fishing-on-a-valdivian-rainforest-beach-530x530.jpeg?v=1597566481 530w, https:\/\/biotictuning.com\/wp-content\/uploads\/2020\/07\/Fishing-on-a-valdivian-rainforest-beach-180x180.jpeg?v=1597566481 180w, https:\/\/biotictuning.com\/wp-content\/uploads\/2020\/07\/Fishing-on-a-valdivian-rainforest-beach-150x150.jpeg?v=1597566481 150w, https:\/\/biotictuning.com\/wp-content\/uploads\/2020\/07\/Fishing-on-a-valdivian-rainforest-beach-80x80.jpeg?v=1597566481 80w, https:\/\/biotictuning.com\/wp-content\/uploads\/2020\/07\/Fishing-on-a-valdivian-rainforest-beach-600x600.jpeg?v=1597566481 600w\" sizes=\"(max-width: 530px) 100vw, 530px\" \/><\/noscript><\/div>\n\t\t\t\t\t<div class=\"wc-block-grid__product-title\">Tour Selva Valdiviana 360\u00ba &#8211; Inmersi\u00f3n total &#8211; 3 noches \/ 4 d\u00edas<\/div>\n\t\t\t\t<\/a>\n\t\t\t\t<div class=\"wc-block-grid__product-price price\"><\/div>\n\t\t\t\t\n\t\t\t\t<div class=\"wp-block-button wc-block-grid__product-add-to-cart\"><a href=\"https:\/\/biotictuning.com\/es\/producto\/selva-valdiviana-360o-inmersion-total-3-noches-4-dias\/\" aria-label=\"Read more about &ldquo;Tour Selva Valdiviana 360\u00ba - Inmersi\u00f3n total - 3 noches \/ 4 d\u00edas&rdquo;\" data-quantity=\"1\" data-product_id=\"889\" data-product_sku=\"\" data-price=\"0\" rel=\"nofollow\" class=\"wp-block-button__link  add_to_cart_button\">Read more<\/a><\/div>\n\t\t\t<\/li><\/ul><\/div>","protected":false},"excerpt":{"rendered":"<p>Paquetes tur\u00edsticos todo incluido: comidas y tours cada d\u00eda, m\u00e1s alojamiento y transporte para conocer lo mejor de la Ecorregi\u00f3n Bosque Valdiviano, en el sur de Chile.<\/p>\n","protected":false},"author":1,"featured_media":0,"parent":0,"menu_order":3,"comment_status":"closed","ping_status":"closed","template":"","meta":{"_genesis_hide_title":false,"_genesis_hide_breadcrumbs":false,"_genesis_hide_singular_image":false,"_genesis_hide_footer_widgets":false,"_genesis_custom_body_class":"","_genesis_custom_post_class":"","_genesis_layout":"","footnotes":""},"class_list":{"0":"post-887","1":"page","2":"type-page","3":"status-publish","5":"entry"},"featured_image_src":null,"featured_image_src_square":null,"_links":{"self":[{"href":"https:\/\/biotictuning.com\/es\/wp-json\/wp\/v2\/pages\/887","targetHints":{"allow":["GET"]}}],"collection":[{"href":"https:\/\/biotictuning.com\/es\/wp-json\/wp\/v2\/pages"}],"about":[{"href":"https:\/\/biotictuning.com\/es\/wp-json\/wp\/v2\/types\/page"}],"author":[{"embeddable":true,"href":"https:\/\/biotictuning.com\/es\/wp-json\/wp\/v2\/users\/1"}],"replies":[{"embeddable":true,"href":"https:\/\/biotictuning.com\/es\/wp-json\/wp\/v2\/comments?post=887"}],"version-history":[{"count":1,"href":"https:\/\/biotictuning.com\/es\/wp-json\/wp\/v2\/pages\/887\/revisions"}],"predecessor-version":[{"id":1640,"href":"https:\/\/biotictuning.com\/es\/wp-json\/wp\/v2\/pages\/887\/revisions\/1640"}],"wp:attachment":[{"href":"https:\/\/biotictuning.com\/es\/wp-json\/wp\/v2\/media?parent=887"}],"curies":[{"name":"wp","href":"https:\/\/api.w.org\/{rel}","templated":true}]}}