{"id":928,"date":"2020-08-02T10:22:07","date_gmt":"2020-08-02T10:22:07","guid":{"rendered":"http:\/\/biotictuning.com\/?page_id=928"},"modified":"2020-09-14T18:01:38","modified_gmt":"2020-09-14T18:01:38","slug":"nosotros","status":"publish","type":"page","link":"https:\/\/biotictuning.com\/es\/nosotros\/","title":{"rendered":"Nosotros"},"content":{"rendered":"<h2 class=\"wp-block-heading\">OFRECEMOS<\/h2><p>Tours, programas, actividades y experiencias relacionadas con la naturaleza y el turismo de aventura en la Ecorregi\u00f3n Bosque Valdiviano y la Patagonia Norte<\/p><h2 class=\"wp-block-heading\">VISI\u00d3N<\/h2><p>Un mundo en el que la naturaleza no necesita ser protegida porque el ser humano est\u00e1 conectado conscientemente con la biota y sus seres e integrado arm\u00f3nicamente en los distintos ecosistemas que habita<\/p><p>\u2014 <a href=\"https:\/\/biotictuning.com\/es\/la-filosofia-del-cambio\/\">La filosof\u00eda del cambio<\/a><\/p><p>\u2014 <a href=\"https:\/\/biotictuning.com\/es\/plantas-arboles-y-el-futuro-de-la-humanidad\/\">Plantas, \u00e1rboles y el futuro de la humanidad<\/a><\/p><h2 class=\"wp-block-heading\">MISI\u00d3N<\/h2><p>Crear, dise\u00f1ar, desarrollar y comercializar experiencias de dise\u00f1o propio e integrar experiencias de terceros que est\u00e9n en sinton\u00eda con la visi\u00f3n<\/p><p>Contribuir a generar una relaci\u00f3n de mayor afinidad entre el hombre y la naturaleza de la que forma parte<\/p><p>Apoyar la preservaci\u00f3n de espacios naturales v\u00edrgenes y conservar en el estado m\u00e1s arm\u00f3nico y natural posible aquellos en los que el ser humano es ya parte del ecosistema<\/p><h2 class=\"wp-block-heading\">VALORES&nbsp;<\/h2><p>Respeto a la dignidad de todo ser vivo<\/p><h2 class=\"wp-block-heading\">EQUIPO<\/h2><p>Consideramos \u201cequipo\u201d a todas las personas que hacen posible las experiencias que ofrecemos. Tambi\u00e9n a aquellos con los que compartimos nuestra visi\u00f3n y nos inspiran: <\/p><p>\u2014 <a href=\"https:\/\/biotictuning.com\/es\/plantas-arboles-y-el-futuro-de-la-humanidad\/\">Informaci\u00f3n de inter\u00e9s<\/a><\/p><h2 class=\"wp-block-heading\">PERSONA JUR\u00cdDICA<\/h2><p>Los dominios de Internet www.sintoniabiotica.com y www.biotictuning.com y los contenidos alojados en los mismos est\u00e1n vinculados a las siguientes empresas:<\/p><p>Anfitriones SpA, creaci\u00f3n, dise\u00f1o y desarrollo de experiencias tur\u00edsticas e integraci\u00f3n de productos y servicios para el dise\u00f1o y promoci\u00f3n de destinos tur\u00edsticos<\/p><p>Empresa vinculada a su vez con:<\/p><p>Maipo Travel SpA. Operador de eco vino aventuras en el Valle del Maipo <\/p><p>The Movie Virtual S.L. Tecnolog\u00eda en linea para el Sector tur\u00edstico.<br>Soluciones para promocionar y comercializar Destinos y Establecimientos tur\u00edsticos. <a href=\"http:\/\/www.themovie.org\" target=\"_blank\" rel=\"noreferrer noopener\">www.themovie.org<\/a><\/p><p>Y con los siguientes dominios y sus respectivos contenidos:<\/p><p><a href=\"http:\/\/www.maipo.travel\" target=\"_blank\" rel=\"noreferrer noopener\">www.maipo.travel&nbsp;<\/a><\/p><p><a href=\"http:\/\/www.maipotours.com\" target=\"_blank\" rel=\"noreferrer noopener\">www.maipotours.com<\/a><\/p><p><a href=\"http:\/\/www.santiagotours.org\" target=\"_blank\" rel=\"noreferrer noopener\">www.santiagotours.org<\/a><\/p><p><a href=\"http:\/\/www.santiagoregion.com\" target=\"_blank\" rel=\"noreferrer noopener\">www.santiagoregion.com<\/a><\/p><p><\/p>","protected":false},"excerpt":{"rendered":"<p>OFRECEMOS Tours, programas, actividades y experiencias relacionadas con la naturaleza y el turismo de aventura en la Ecorregi\u00f3n Bosque Valdiviano y la Patagonia Norte VISI\u00d3N Un mundo en el que la naturaleza no necesita ser protegida porque el ser humano est\u00e1 conectado conscientemente con la biota y sus seres e integrado arm\u00f3nicamente en los distintos [&hellip;]<\/p>\n","protected":false},"author":1,"featured_media":0,"parent":0,"menu_order":1,"comment_status":"closed","ping_status":"closed","template":"","meta":{"_genesis_hide_title":false,"_genesis_hide_breadcrumbs":false,"_genesis_hide_singular_image":false,"_genesis_hide_footer_widgets":false,"_genesis_custom_body_class":"","_genesis_custom_post_class":"","_genesis_layout":"","footnotes":""},"class_list":{"0":"post-928","1":"page","2":"type-page","3":"status-publish","5":"entry"},"featured_image_src":null,"featured_image_src_square":null,"_links":{"self":[{"href":"https:\/\/biotictuning.com\/es\/wp-json\/wp\/v2\/pages\/928","targetHints":{"allow":["GET"]}}],"collection":[{"href":"https:\/\/biotictuning.com\/es\/wp-json\/wp\/v2\/pages"}],"about":[{"href":"https:\/\/biotictuning.com\/es\/wp-json\/wp\/v2\/types\/page"}],"author":[{"embeddable":true,"href":"https:\/\/biotictuning.com\/es\/wp-json\/wp\/v2\/users\/1"}],"replies":[{"embeddable":true,"href":"https:\/\/biotictuning.com\/es\/wp-json\/wp\/v2\/comments?post=928"}],"version-history":[{"count":0,"href":"https:\/\/biotictuning.com\/es\/wp-json\/wp\/v2\/pages\/928\/revisions"}],"wp:attachment":[{"href":"https:\/\/biotictuning.com\/es\/wp-json\/wp\/v2\/media?parent=928"}],"curies":[{"name":"wp","href":"https:\/\/api.w.org\/{rel}","templated":true}]}}