{"id":1676,"date":"2021-11-29T09:44:01","date_gmt":"2021-11-29T12:44:01","guid":{"rendered":"https:\/\/biotictuning.com\/?post_type=product&#038;p=1676"},"modified":"2021-12-05T09:01:15","modified_gmt":"2021-12-05T12:01:15","slug":"tour-bosque-primario-valdiviano-salida-desde-valdivia","status":"publish","type":"product","link":"https:\/\/biotictuning.com\/es\/producto\/tour-bosque-primario-valdiviano-salida-desde-valdivia\/","title":{"rendered":"Tour bosque primario Valdiviano (salida desde Valdivia)"},"content":{"rendered":"<h2>Itinerario Tour bosque primario Valdiviano<\/h2>\n<p>7:10 am Recogida en <b>Valdivia<\/b><\/p>\n<p>7:40 am Embarque en la lancha. Desayuno a bordo.<\/p>\n<p>8:00 am Breve relato hist\u00f3rico y avistamiento de los antiguos <b>fuertes espa\u00f1oles de Niebla y Corral<\/b><\/p>\n<p>8:20 am Rumbo a Huiro<\/p>\n<p>9:10 am Comienza la excursi\u00f3n por la franja de <b>bosque primario Valdiviano<\/b><\/p>\n<p>Avistamiento de flora y fauna<\/p>\n<p>Almuerzo al interior del bosque antiguo<\/p>\n<p>Comida t\u00edpica bajo una ramada<span class=\"Apple-converted-space\">\u00a0<\/span><\/p>\n<p>16:00 pm Paseo por la <b>playa de Pelche <\/b>(entre nosotros, iremos a punta galera)<\/p>\n<p>18:00 pm Regreso a Valdivia<\/p>\n<p>20:00 pm Aprox. Llegada a <b>Valdivia<\/b>.<\/p>\n","protected":false},"excerpt":{"rendered":"<p>Fascinante inmersi\u00f3n en uno de los \u00faltimos ecosistemas v\u00edrgenes del planeta<\/p>\n<p><b>\u201cUn bosque especialmente hermoso\u201d<\/b>, seg\u00fan la descripci\u00f3n del propio Darwin al visitar estas costas en su expedici\u00f3n a bordo del Beagle en 1834.<\/p>\n<p>Existen ya muy pocos lugares donde la naturaleza se exprese de una forma tan bella y delicada y con tanta riqueza de vida. Una infinidad de formas, texturas, colores, aromas y sonidos nos cautivan al caminar por los distintos rincones de \u00e9ste amigable bosque en el que la abundante fauna no representa ning\u00fan peligro para el ser humano.<\/p>\n<p>Un lugar inigualable para meditar y sintonizar con la armon\u00eda de una de las \u00faltimas comunidades cl\u00edmax del mundo donde a\u00fan se pueden <b>contemplar enormes y longevos arboles<\/b> de distintas especies.<\/p>\n<p>Jorge, nuestro gu\u00eda local, desde la infancia experto conocedor de los secretos de su bosque, nos muestra los <b>diferentes ecosistemas<\/b>, las fuentes ocultas de las que brotan los <b>arroyos<\/b>, las distintas especies de \u00e1rboles y plantas, los nidos camuflados en grandes troncos o escondidos entre arbustos, las huellas del <b>le\u00f3n chileno<\/b>&#8230; \u00a1Una experiencia apasionante para el amante de la naturaleza! Jorge est\u00e1 en su casa,<span class=\"Apple-converted-space\">\u00a0 <\/span>para \u00e9l no es problema reconocer el canto de las <b>diferentes aves<\/b>, saber cu\u00e1les son los mejores lugares para observarlas y que se acerquen a curiosear o donde crece cada tipo de planta y cu\u00e1les de ellas son comestibles. \u00c9l sabe orientarse en un lugar en el que cualquiera se perder\u00eda.<\/p>\n<p>Quiz\u00e1s, si estamos preparados y somos lo suficientemente receptivos, seamos tambi\u00e9n capaces de percibir a los gnen (esp\u00edritus), los newen (fuerzas) o los anchimalen (duendes) presentes a\u00fan en estos bosques y en la cosmovisi\u00f3n ancestral del pueblo Mapuche.<\/p>\n","protected":false},"featured_media":1685,"template":"","meta":{"_genesis_hide_title":false,"_genesis_hide_breadcrumbs":false,"_genesis_hide_singular_image":false,"_genesis_hide_footer_widgets":false,"_genesis_custom_body_class":"","_genesis_custom_post_class":"","_genesis_layout":"full-width-content"},"product_cat":[49],"product_tag":[],"class_list":{"0":"post-1676","1":"product","2":"type-product","3":"status-publish","4":"has-post-thumbnail","6":"product_cat-tour-1-dia","7":"entry","9":"first","10":"instock","11":"sold-individually","12":"purchasable","13":"product-type-booking"},"_links":{"self":[{"href":"https:\/\/biotictuning.com\/es\/wp-json\/wp\/v2\/product\/1676","targetHints":{"allow":["GET"]}}],"collection":[{"href":"https:\/\/biotictuning.com\/es\/wp-json\/wp\/v2\/product"}],"about":[{"href":"https:\/\/biotictuning.com\/es\/wp-json\/wp\/v2\/types\/product"}],"wp:featuredmedia":[{"embeddable":true,"href":"https:\/\/biotictuning.com\/es\/wp-json\/wp\/v2\/media\/1685"}],"wp:attachment":[{"href":"https:\/\/biotictuning.com\/es\/wp-json\/wp\/v2\/media?parent=1676"}],"wp:term":[{"taxonomy":"product_cat","embeddable":true,"href":"https:\/\/biotictuning.com\/es\/wp-json\/wp\/v2\/product_cat?post=1676"},{"taxonomy":"product_tag","embeddable":true,"href":"https:\/\/biotictuning.com\/es\/wp-json\/wp\/v2\/product_tag?post=1676"}],"curies":[{"name":"wp","href":"https:\/\/api.w.org\/{rel}","templated":true}]}}